{"id":216176,"date":"2023-12-28T11:03:17","date_gmt":"2023-12-28T16:03:17","guid":{"rendered":"https:\/\/norapharma.ca\/politique-de-confidentialite\/"},"modified":"2025-01-31T14:42:41","modified_gmt":"2025-01-31T19:42:41","slug":"politique-de-confidentialite","status":"publish","type":"page","link":"https:\/\/norapharma.ca\/en\/politique-de-confidentialite\/","title":{"rendered":"Privacy Policy"},"content":{"rendered":"<div  class=\"tatsu-huao6i6l6wcyz99z tatsu-section  tatsu-bg-overlay   tatsu-clearfix\" data-title=\"\"  data-headerscheme=\"background--dark\"><div class='tatsu-section-pad clearfix' data-padding='{\"d\":\"90px 0px 15px 0px\"}' data-padding-top='90px'><div class=\"tatsu-row-wrap  tatsu-wrap tatsu-row-one-col tatsu-row-has-one-cols tatsu-medium-gutter tatsu-reg-cols  tatsu-clearfix tatsu-huao6i6l9n4mxtbw\" ><div  class=\"tatsu-row \" ><div  class=\"tatsu-column  tatsu-bg-overlay tatsu-one-col tatsu-column-image-none tatsu-column-effect-none  tatsu-huao6i6lbs4wu78y\"  data-parallax-speed=\"0\" style=\"\"><div class=\"tatsu-column-inner \" ><div class=\"tatsu-column-pad-wrap\"><div class=\"tatsu-column-pad\" ><div  class=\"tatsu-module tatsu-text-block-wrap tatsu-huao6i6ldp6cy9e  \"><div class=\"tatsu-text-inner tatsu-align-center  clearfix\" ><style>.tatsu-huao6i6ldp6cy9e.tatsu-text-block-wrap .tatsu-text-inner{width: 100%;text-align: left;}<\/style><p>\n<\/div><\/div><\/div><\/div><div class = \"tatsu-column-bg-image-wrap\"><div class = \"tatsu-column-bg-image\" ><\/div><\/div><div class=\"tatsu-overlay tatsu-column-overlay tatsu-animate-none\" ><\/div><\/div><style>.tatsu-row > .tatsu-huao6i6lbs4wu78y.tatsu-column{width: 100%;}.tatsu-huao6i6lbs4wu78y.tatsu-column > .tatsu-column-inner > .tatsu-column-overlay{mix-blend-mode: normal;}.tatsu-huao6i6lbs4wu78y > .tatsu-column-inner > .tatsu-top-divider{z-index: 9999;}.tatsu-huao6i6lbs4wu78y > .tatsu-column-inner > .tatsu-bottom-divider{z-index: 9999;}.tatsu-huao6i6lbs4wu78y > .tatsu-column-inner > .tatsu-left-divider{z-index: 9999;}.tatsu-huao6i6lbs4wu78y > .tatsu-column-inner > .tatsu-right-divider{z-index: 9999;}<\/style><\/div><\/div><\/div><\/div><div class=\"tatsu-section-background-wrap\"><div class = \"tatsu-section-background\" ><\/div><\/div><div class=\"tatsu-overlay tatsu-section-overlay\"><\/div><style>.tatsu-huao6i6l6wcyz99z .tatsu-section-pad{padding: 90px 0px 15px 0px;}.tatsu-huao6i6l6wcyz99z > .tatsu-bottom-divider{z-index: 9999;}.tatsu-huao6i6l6wcyz99z > .tatsu-top-divider{z-index: 9999;}.tatsu-huao6i6l6wcyz99z .tatsu-section-overlay{mix-blend-mode: normal;}<\/style><\/div><div  class=\"tatsu-hl9yc6h8033zoqqt tatsu-section  tatsu-bg-overlay   tatsu-clearfix\" data-title=\"\"  data-headerscheme=\"background--dark\"><div class='tatsu-section-pad clearfix' data-padding='{\"d\":\"90px 0px 90px 0px\"}' data-padding-top='90px'><div class=\"tatsu-row-wrap  tatsu-wrap tatsu-row-one-col tatsu-row-has-one-cols tatsu-medium-gutter tatsu-reg-cols  tatsu-clearfix tatsu-hl9yc6h8ajetcblg\" ><div  class=\"tatsu-row \" ><div  class=\"tatsu-column  tatsu-bg-overlay tatsu-one-col tatsu-column-image-none tatsu-column-effect-none  tatsu-hl9yc6h8iqb4sa22\"  data-parallax-speed=\"0\" style=\"\"><div class=\"tatsu-column-inner \" ><div class=\"tatsu-column-pad-wrap\"><div class=\"tatsu-column-pad\" ><div  class=\"tatsu-module tatsu-text-block-wrap tatsu-hl9yc6h8ucapur4s  \"><div class=\"tatsu-text-inner tatsu-align-center  clearfix\" ><style>.tatsu-hl9yc6h8ucapur4s.tatsu-text-block-wrap .tatsu-text-inner{width: 100%;text-align: left;}<\/style><p><\/p>\n<p style=\"text-align: center;\"><strong>POLITIQUE DE CONFIDENTIALIT\u00c9 ET DE PROTECTION<\/strong><br \/><strong>DES RENSEIGNEMENTS PERSONNELS<\/strong><br \/><strong>DE<\/strong><br \/><strong>NORA PHARMA INC.<\/strong><\/p>\n<p style=\"text-align: left;\"><br \/>La pr\u00e9sente politique \u00e9tablit les param\u00e8tres de confidentialit\u00e9 et de protection des renseignements<br \/>personnels que recueille Nora Pharma Inc. par le biais de ses sites web, de sa plateforme de<br \/>commerce en ligne, d\u2019infolettres, de courriels, de communications t\u00e9l\u00e9phoniques et de tous autres<br \/>canaux de communication.<br \/>Cette politique d\u00e9finit comment Nora Pharma Inc. prot\u00e8ge les renseignements personnels et<br \/>pr\u00e9cise \u00e9galement les buts de la collecte, l\u2019utilisation, le partage, la conservation et le droit d\u2019acc\u00e8s<br \/>aux renseignements personnels.<\/p>\n<p style=\"text-align: left;\"><br \/><strong>RENSEIGNEMENTS PERSONNELS<\/strong><br \/>L\u2019expression \u00ab renseignements personnels \u00bb d\u00e9signe toutes les informations permettant<br \/>d\u2019identifier un individu, directement ou indirectement. Il s\u2019agit d\u2019informations qui, lorsque prises<br \/>seules ou combin\u00e9es avec d\u2019autres donn\u00e9es, peuvent permettre de vous identifier.<\/p>\n<p style=\"text-align: left;\"><br \/><strong>TYPES DE RENSEIGNEMENTS PERSONNELS<\/strong><br \/>Les renseignements personnels recueillis par Nora Pharma Inc. peuvent inclure, entre autres :<br \/>1. Vos nom et pr\u00e9nom<br \/>2. Votre adresse de livraison<br \/>3. Votre adresse de facturation<br \/>4. Votre adresse courriel<br \/>5. Votre num\u00e9ro de t\u00e9l\u00e9phone<br \/>6. Les informations relatives \u00e0 votre carte de cr\u00e9dit<br \/>7. Les informations relatives \u00e0 votre carte de d\u00e9bit<br \/>8. Votre historique de transactions<\/p>\n<p style=\"text-align: left;\"><br \/><strong>CONSENTEMENT<\/strong><br \/>Lorsque vous acceptez et fournissez vos renseignements personnels \u00e0 Nora Pharma Inc., vous<br \/>autorisez l\u2019entreprise \u00e0 recueillir, \u00e0 utiliser et \u00e0 communiquer ces renseignements personnels<br \/>conform\u00e9ment \u00e0 la pr\u00e9sente politique. Vous pouvez refuser ou retirer votre consentement \u00e0<br \/>l\u2019\u00e9gard de certaines utilisations en tout temps en communiquant avec le Responsable de la<br \/>protection des renseignements personnels de Nora Pharma Inc., dont les coordonn\u00e9es sont<br \/>indiqu\u00e9es \u00e0 la fin de la pr\u00e9sente politique.<br \/><br \/><strong>BUTS DE LA COLLECTE DE RENSEIGNEMENTS PERSONNELS<\/strong><br \/>G\u00e9n\u00e9ralement, lorsque Nora Pharma Inc. recueille des renseignements personnels de ses clients<br \/>et de ses clients potentiels, les informations recueillies sont obtenues dans un but transactionnel<br \/>(actuel ou \u00e9ventuel), soit la vente de ses produits et services. Des renseignements personnels<br \/>sont \u00e9galement recueillis aupr\u00e8s de candidats d\u00e9sirant occuper un emploi au sein de l\u2019entreprise.<\/p>\n<p style=\"text-align: left;\"><br \/><strong>PARTAGE DE RENSEIGNEMENTS PERSONNELS<\/strong><br \/>De fa\u00e7on g\u00e9n\u00e9rale, les renseignements personnels sont utilis\u00e9s pour des fins internes. Il est<br \/>toutefois possible que Nora Pharma Inc. puisse communiquer des renseignements personnels<br \/>recueillis aux entreprises et personnes suivantes :<br \/>\u2022 Fournisseurs de services de l\u2019entreprise;<br \/>\u2022 Agences de marketing et consultants marketing;<br \/>\u2022 Partenaires de marketing num\u00e9rique, incluant les moteurs de recherche et les m\u00e9dias<br \/>sociaux;<br \/>\u2022 Consultants externes;<br \/>\u2022 \u00c0 des tiers, tel que requis par la loi.<br \/>Nora Pharma Inc. peut \u00e9galement utiliser et communiquer vos renseignements personnels<br \/>lorsqu\u2019une telle utilisation ou divulgation est autoris\u00e9e, n\u00e9cessaire ou jug\u00e9e appropri\u00e9e :<br \/>\u2022 Pour se conformer \u00e0 la l\u00e9gislation en vigueur, au Canada et hors du Canada;<br \/>\u2022 Pour se conformer aux demandes en lien avec des proc\u00e9dures judiciaires, au Canada et<br \/>hors du Canada;<br \/>\u2022 Pour circonscrire des dommages envers l\u2019entreprise et permettre le d\u00e9ploiement des<br \/>recours possibles;<br \/>\u2022 Dans l\u2019\u00e9ventualit\u00e9 d\u2019une r\u00e9organisation, d\u2019une fusion, d\u2019une vente, d\u2019une coentreprise,<br \/>d\u2019une cession, d\u2019un transfert ou tout autre cession des activit\u00e9s, des marques, des<br \/>soci\u00e9t\u00e9s affili\u00e9es, des filiales ou d\u2019autres actifs.<br \/>Nora Pharma Inc. a ou pourrait avoir recours aux services de fournisseurs dans les domaines<br \/>suivants et ainsi partager certains de vos renseignements personnels :<br \/>\u2022 Services de paiement : Proc\u00e8dent \u00e0 l\u2019autorisation d\u2019achat et au traitement s\u00e9curis\u00e9 des<br \/>transactions.<br \/>\u2022 Marketing et publicit\u00e9 : G\u00e9n\u00e8rent des publicit\u00e9s et des promotions cibl\u00e9es relatives \u00e0 nos<br \/>produits et services, bas\u00e9es notamment sur vos pr\u00e9f\u00e9rences.<br \/>\u2022 Analyse de donn\u00e9es : Analysent et am\u00e9liorent nos services gr\u00e2ce aux renseignements<br \/>d\u2019utilisation.<br \/>\u2022 Envoi du courrier \u00e9lectronique : G\u00e8rent l\u2019envoi des courriers \u00e9lectroniques, tels que des<br \/>confirmations de commandes, des mises \u00e0 jour et des infolettres.<br \/>\u2022 Plateformes de commerce \u00e9lectronique : H\u00e9bergent nos sites web et en assurent le bon<br \/>fonctionnement de fa\u00e7on continue.<br \/>\u2022 Services de livraison : Assurent la livraison des produits command\u00e9s en ligne.<br \/><br \/>Avant de communiquer vos renseignements personnels \u00e0 des fournisseurs, nous prenons les<br \/>mesures ad\u00e9quates afin qu\u2019ils s\u2019engagent \u00e0 respecter les obligations requises en mati\u00e8re de<br \/>protection des renseignements personnels.<\/p>\n<p style=\"text-align: left;\"><br \/><strong>DUR\u00c9E ET CONSERVATION DES RENSEIGNEMENTS PERSONNELS<\/strong><br \/>Les renseignements personnels sont conserv\u00e9s pendant la dur\u00e9e requise pour lesquels ils ont<br \/>\u00e9t\u00e9 recueillis. Des mesures sont en place afin d\u2019assurer que les informations soient conserv\u00e9es<br \/>de fa\u00e7on s\u00e9curis\u00e9e. Lorsque des renseignements personnels cessent d\u2019\u00eatre requis ou jug\u00e9s<br \/>n\u00e9cessaires, Nora Pharma Inc. proc\u00e8de \u00e0 la destruction des renseignements personnels et des<br \/>documents respectifs, en pr\u00e9servant leur confidentialit\u00e9 et ce, en toute s\u00e9curit\u00e9.<\/p>\n<p style=\"text-align: left;\"><br \/><strong>PROTECTION DES RENSEIGNEMENTS PERSONNELS<\/strong><br \/>Nora Pharma Inc. a instaur\u00e9 diff\u00e9rents moyens pour assurer que les renseignements personnels<br \/>soient prot\u00e9g\u00e9s. Ces moyens comprennent des mesures physiques, administratives et<br \/>technologiques qu\u2019elle juge raisonnables, compte tenu de la nature et de la sensibilit\u00e9 des<br \/>renseignements personnels collect\u00e9s ainsi que des m\u00e9thodes de conservation.<br \/>Par ailleurs, lorsque vous proc\u00e9dez \u00e0 un achat aupr\u00e8s de Nora Pharma Inc., les informations<br \/>relatives \u00e0 votre mode de paiement sont v\u00e9hicul\u00e9es par une m\u00e9thode s\u00e9curis\u00e9e pendant toute la<br \/>dur\u00e9e du traitement de la transaction.<br \/>Bien que Nora Pharma Inc. prenne des mesures de s\u00e9curit\u00e9 afin de pr\u00e9venir tout acc\u00e8s non<br \/>autoris\u00e9 \u00e0 vos renseignements personnels, aucune mesure de s\u00e9curit\u00e9 n\u2019est absolue ou<br \/>enti\u00e8rement garantie. Si vous avez des raisons de croire que votre interaction avec Nora Pharma<br \/>Inc. puisse ne pas \u00eatre s\u00e9curis\u00e9e (par exemple, si vous pensez que la s\u00e9curit\u00e9 des<br \/>renseignements personnels que vous avez fournis puisse avoir \u00e9t\u00e9 compromise), veuillez<br \/>contacter imm\u00e9diatement notre Responsable de la protection des renseignements personnels<br \/>dont les coordonn\u00e9es sont indiqu\u00e9es \u00e0 la fin de la pr\u00e9sente politique.<\/p>\n<p style=\"text-align: left;\"><br \/><strong>ACC\u00c8S ET MODIFICATION DES RENSEIGNEMENTS PERSONNELS<\/strong><br \/>Sur demande \u00e9crite, Nora Pharma Inc. vous permettra d\u2019avoir acc\u00e8s, de consulter, de rectifier et<br \/>de mettre \u00e0 jour les renseignements personnels vous concernant. La demande \u00e9crite doit \u00eatre<br \/>envoy\u00e9e au Responsable de la protection des renseignements personnels de Nora Pharma Inc.,<br \/>dont les coordonn\u00e9es sont indiqu\u00e9es \u00e0 la fin de la pr\u00e9sente politique. Nora Pharma Inc. r\u00e9pond<br \/>aux demandes d\u2019acc\u00e8s et de modification des renseignements personnels dans un d\u00e9lai maximal<br \/>de trente (30) jours.<\/p>\n<p style=\"text-align: left;\"><strong>FICHIERS T\u00c9MOINS DE CONNEXION (\u00ab COOKIES \u00bb)<\/strong><br \/>Le sites web de Nora Pharma Inc. utilisent des fichiers t\u00e9moins de connexion (\u00ab cookies \u00bb) qui<br \/>collectent des donn\u00e9es analytiques et certaines informations non personnelles provenant des<br \/>appareils (ordinateurs, tablettes ou mobiles) de ses visiteurs en ligne. Les donn\u00e9es ainsi<br \/>recueillies sont utilis\u00e9es pour des fins d\u2019analyse, d\u2019am\u00e9lioration et d\u2019optimisation des sites web et<br \/>de la navigation. Les renseignements obtenus peuvent \u00e9galement \u00eatre communiqu\u00e9s \u00e0 des tiers<br \/>tels que des partenaires num\u00e9riques, des agences de marketing ou des consultants marketing<br \/>pour des mandats d\u2019am\u00e9lioration des sites web ou pour des fins de publicit\u00e9s num\u00e9riques<br \/>(incluant dans les moteurs de recherche et dans les m\u00e9dias sociaux). En aucun cas ces<br \/>renseignements ne sont utilis\u00e9s dans le but d\u2019identifier des personnes sp\u00e9cifiques. Lorsque vous<br \/>acc\u00e9dez pour la premi\u00e8re fois \u00e0 nos sites web \u00e0 partir de votre ordinateur, tablette ou appareil<br \/>mobile, une banni\u00e8re s\u2019affiche pour vous informer de vos choix et de la mani\u00e8re de consentir \u00e0<br \/>l\u2019utilisation par Nora Pharma Inc. de t\u00e9moins fonctionnels, de t\u00e9moins d\u2019analyse et de<br \/>performance, et de t\u00e9moins de ciblage. Si vous choisissez de ne pas accepter ces t\u00e9moins,<br \/>certaines des fonctionnalit\u00e9s de nos sites web peuvent ne pas fonctionner correctement.<br \/>Les utilisateurs web peuvent, en tout temps, modifier les param\u00e8tres de confidentialit\u00e9 du<br \/>navigateur afin de supprimer et de bloquer les fichiers t\u00e9moins de connexion.<\/p>\n<p style=\"text-align: left;\"><br \/>Responsable de la protection des renseignements personnels<br \/>Nora Pharma Inc. a nomm\u00e9 M Malek Chamoun au poste de Responsable de la protection des<br \/>renseignements personnels. Pour toutes demandes, toutes questions ou pour obtenir de plus<br \/>amples informations sur les pratiques en mati\u00e8re de confidentialit\u00e9 et de protection des<br \/>renseignements personnels, veuillez communiquer avec M. Malek Chamoun aux coordonn\u00e9es<br \/>indiqu\u00e9es ci-dessous :<\/p>\n<p style=\"text-align: left;\"><br \/>Nora Pharma Inc.<br \/>Attention : Malek Chamoun, Responsable de la protection des renseignements personnels<br \/>1565, boul. Lionel-Boulet<br \/>Varennes (Qu\u00e9bec) J3X 1P7<br \/>Courriel : mchamoun@norapharma.ca<br \/>Tel. : 1 (888) 270-9874<br \/>Tous les changements que nous pourrions apporter \u00e0 notre Politique de confidentialit\u00e9 et de<br \/>protection des renseignements personnels seront affich\u00e9s sur cette page.<br \/>Cette politique a \u00e9t\u00e9 mise \u00e0 jour le 21 aout 2024.<\/p><\/div><\/div><\/div><\/div><div class = \"tatsu-column-bg-image-wrap\"><div class = \"tatsu-column-bg-image\" ><\/div><\/div><div class=\"tatsu-overlay tatsu-column-overlay tatsu-animate-none\" ><\/div><\/div><style>.tatsu-row > .tatsu-hl9yc6h8iqb4sa22.tatsu-column{width: 100%;}.tatsu-hl9yc6h8iqb4sa22.tatsu-column > .tatsu-column-inner > .tatsu-column-overlay{mix-blend-mode: normal;}.tatsu-hl9yc6h8iqb4sa22 > .tatsu-column-inner > .tatsu-top-divider{z-index: 9999;}.tatsu-hl9yc6h8iqb4sa22 > .tatsu-column-inner > .tatsu-bottom-divider{z-index: 9999;}.tatsu-hl9yc6h8iqb4sa22 > .tatsu-column-inner > .tatsu-left-divider{z-index: 9999;}.tatsu-hl9yc6h8iqb4sa22 > .tatsu-column-inner > .tatsu-right-divider{z-index: 9999;}<\/style><\/div><\/div><\/div><\/div><div class=\"tatsu-section-background-wrap\"><div class = \"tatsu-section-background\" ><\/div><\/div><div class=\"tatsu-overlay tatsu-section-overlay\"><\/div><style>.tatsu-hl9yc6h8033zoqqt .tatsu-section-pad{padding: 90px 0px 90px 0px;}.tatsu-hl9yc6h8033zoqqt > .tatsu-bottom-divider{z-index: 9999;}.tatsu-hl9yc6h8033zoqqt > .tatsu-top-divider{z-index: 9999;}.tatsu-hl9yc6h8033zoqqt .tatsu-section-overlay{mix-blend-mode: normal;}<\/style><\/div><div  class=\"tatsu-huao6i6lvur16p0 tatsu-section  tatsu-bg-overlay   tatsu-clearfix\" data-title=\"\"  data-headerscheme=\"background--dark\"><div class='tatsu-section-pad clearfix' data-padding='{\"d\":\"15px 0px 90px 0px\"}' data-padding-top='15px'><div class=\"tatsu-row-wrap  tatsu-wrap tatsu-row-one-col tatsu-row-has-one-cols tatsu-medium-gutter tatsu-reg-cols  tatsu-clearfix tatsu-huao6i6lxt4c3qnr\" ><div  class=\"tatsu-row \" ><div  class=\"tatsu-column  tatsu-bg-overlay tatsu-one-col tatsu-column-image-none tatsu-column-effect-none  tatsu-huao6i6lzj20hvt1\"  data-parallax-speed=\"0\" style=\"\"><div class=\"tatsu-column-inner \" ><div class=\"tatsu-column-pad-wrap\"><div class=\"tatsu-column-pad\" ><div  class=\"tatsu-module tatsu-text-block-wrap tatsu-huao6i6m1263274w  \"><div class=\"tatsu-text-inner tatsu-align-center  clearfix\" ><style>.tatsu-huao6i6m1263274w.tatsu-text-block-wrap .tatsu-text-inner{width: 100%;text-align: left;}<\/style>\n<\/div><\/div><\/div><\/div><div class = \"tatsu-column-bg-image-wrap\"><div class = \"tatsu-column-bg-image\" ><\/div><\/div><div class=\"tatsu-overlay tatsu-column-overlay tatsu-animate-none\" ><\/div><\/div><style>.tatsu-row > .tatsu-huao6i6lzj20hvt1.tatsu-column{width: 100%;}.tatsu-huao6i6lzj20hvt1.tatsu-column > .tatsu-column-inner > .tatsu-column-overlay{mix-blend-mode: normal;}.tatsu-huao6i6lzj20hvt1 > .tatsu-column-inner > .tatsu-top-divider{z-index: 9999;}.tatsu-huao6i6lzj20hvt1 > .tatsu-column-inner > .tatsu-bottom-divider{z-index: 9999;}.tatsu-huao6i6lzj20hvt1 > .tatsu-column-inner > .tatsu-left-divider{z-index: 9999;}.tatsu-huao6i6lzj20hvt1 > .tatsu-column-inner > .tatsu-right-divider{z-index: 9999;}<\/style><\/div><\/div><\/div><\/div><div class=\"tatsu-section-background-wrap\"><div class = \"tatsu-section-background\" ><\/div><\/div><div class=\"tatsu-overlay tatsu-section-overlay\"><\/div><style>.tatsu-huao6i6lvur16p0 .tatsu-section-pad{padding: 15px 0px 90px 0px;}.tatsu-huao6i6lvur16p0 > .tatsu-bottom-divider{z-index: 9999;}.tatsu-huao6i6lvur16p0 > .tatsu-top-divider{z-index: 9999;}.tatsu-huao6i6lvur16p0 .tatsu-section-overlay{mix-blend-mode: normal;}<\/style><\/div>","protected":false},"excerpt":{"rendered":"<p><a href=\"https:\/\/norapharma.ca\/en\/politique-de-confidentialite\/\" class=\"more-link style3-button\">Read More<\/a><\/p>","protected":false},"author":439,"featured_media":0,"parent":0,"menu_order":0,"comment_status":"closed","ping_status":"closed","template":"","meta":{"_acf_changed":false,"footnotes":""},"class_list":["post-216176","page","type-page","status-publish","hentry"],"acf":[],"_links":{"self":[{"href":"https:\/\/norapharma.ca\/en\/wp-json\/wp\/v2\/pages\/216176","targetHints":{"allow":["GET"]}}],"collection":[{"href":"https:\/\/norapharma.ca\/en\/wp-json\/wp\/v2\/pages"}],"about":[{"href":"https:\/\/norapharma.ca\/en\/wp-json\/wp\/v2\/types\/page"}],"author":[{"embeddable":true,"href":"https:\/\/norapharma.ca\/en\/wp-json\/wp\/v2\/users\/439"}],"replies":[{"embeddable":true,"href":"https:\/\/norapharma.ca\/en\/wp-json\/wp\/v2\/comments?post=216176"}],"version-history":[{"count":7,"href":"https:\/\/norapharma.ca\/en\/wp-json\/wp\/v2\/pages\/216176\/revisions"}],"predecessor-version":[{"id":218430,"href":"https:\/\/norapharma.ca\/en\/wp-json\/wp\/v2\/pages\/216176\/revisions\/218430"}],"wp:attachment":[{"href":"https:\/\/norapharma.ca\/en\/wp-json\/wp\/v2\/media?parent=216176"}],"curies":[{"name":"wp","href":"https:\/\/api.w.org\/{rel}","templated":true}]}}